{"id":798,"date":"2022-11-20T22:17:15","date_gmt":"2022-11-20T22:17:15","guid":{"rendered":"https:\/\/altadireccion.com\/test\/?page_id=798"},"modified":"2023-12-27T13:38:00","modified_gmt":"2023-12-27T13:38:00","slug":"adcl-legal","status":"publish","type":"page","link":"https:\/\/altadireccion.com\/en\/adcl-legal\/","title":{"rendered":"ADCL LEGAL"},"content":{"rendered":"<div data-elementor-type=\"wp-page\" data-elementor-id=\"798\" class=\"elementor elementor-798\" data-elementor-post-type=\"page\">\n\t\t\t\t\t\t<section class=\"elementor-section elementor-top-section elementor-element elementor-element-fd9d9d1 elementor-section-full_width elementor-section-height-default elementor-section-height-default\" data-id=\"fd9d9d1\" data-element_type=\"section\" data-e-type=\"section\">\n\t\t\t\t\t\t<div class=\"elementor-container elementor-column-gap-no\">\n\t\t\t\t\t<div class=\"elementor-column elementor-col-100 elementor-top-column elementor-element elementor-element-2bbbecd\" data-id=\"2bbbecd\" data-element_type=\"column\" data-e-type=\"column\">\n\t\t\t<div class=\"elementor-widget-wrap elementor-element-populated\">\n\t\t\t\t\t\t<div class=\"elementor-element elementor-element-d9167a1 elementor-widget elementor-widget-image\" data-id=\"d9167a1\" data-element_type=\"widget\" data-e-type=\"widget\" data-widget_type=\"image.default\">\n\t\t\t\t<div class=\"elementor-widget-container\">\n\t\t\t\t\t\t\t\t\t\t\t\t\t\t\t<img fetchpriority=\"high\" decoding=\"async\" width=\"2560\" height=\"1707\" src=\"https:\/\/altadireccion.com\/wp-content\/uploads\/2022\/11\/Area-Negocios-Banner-min-scaled.jpg?wsr\" class=\"attachment-full size-full wp-image-261\" alt=\"\" srcset=\"https:\/\/altadireccion.com\/wp-content\/uploads\/2022\/11\/Area-Negocios-Banner-min-scaled.jpg 2560w, https:\/\/altadireccion.com\/wp-content\/uploads\/2022\/11\/Area-Negocios-Banner-min-300x200.jpg 300w, https:\/\/altadireccion.com\/wp-content\/uploads\/2022\/11\/Area-Negocios-Banner-min-1024x683.jpg 1024w, https:\/\/altadireccion.com\/wp-content\/uploads\/2022\/11\/Area-Negocios-Banner-min-768x512.jpg 768w, https:\/\/altadireccion.com\/wp-content\/uploads\/2022\/11\/Area-Negocios-Banner-min-1536x1024.jpg 1536w, https:\/\/altadireccion.com\/wp-content\/uploads\/2022\/11\/Area-Negocios-Banner-min-2048x1365.jpg 2048w, https:\/\/altadireccion.com\/wp-content\/uploads\/2022\/11\/Area-Negocios-Banner-min-18x12.jpg 18w\" sizes=\"(max-width: 2560px) 100vw, 2560px\" \/>\t\t\t\t\t\t\t\t\t\t\t\t\t\t\t<\/div>\n\t\t\t\t<\/div>\n\t\t\t\t<div class=\"elementor-element elementor-element-bd5e189 elementor-widget elementor-widget-heading\" data-id=\"bd5e189\" data-element_type=\"widget\" data-e-type=\"widget\" data-widget_type=\"heading.default\">\n\t\t\t\t<div class=\"elementor-widget-container\">\n\t\t\t\t\t<span class=\"elementor-heading-title elementor-size-medium\">OUR BUSINESS AREAS<\/span>\t\t\t\t<\/div>\n\t\t\t\t<\/div>\n\t\t\t\t\t<\/div>\n\t\t<\/div>\n\t\t\t\t\t<\/div>\n\t\t<\/section>\n\t\t\t\t<section class=\"elementor-section elementor-top-section elementor-element elementor-element-f6dea7c elementor-section-boxed elementor-section-height-default elementor-section-height-default\" data-id=\"f6dea7c\" data-element_type=\"section\" data-e-type=\"section\">\n\t\t\t\t\t\t\t<div class=\"elementor-background-overlay\"><\/div>\n\t\t\t\t\t\t\t<div class=\"elementor-container elementor-column-gap-default\">\n\t\t\t\t\t<div class=\"elementor-column elementor-col-33 elementor-top-column elementor-element elementor-element-bf28295\" data-id=\"bf28295\" data-element_type=\"column\" data-e-type=\"column\" data-settings=\"{&quot;background_background&quot;:&quot;classic&quot;}\">\n\t\t\t<div class=\"elementor-widget-wrap elementor-element-populated\">\n\t\t\t\t\t\t<div class=\"elementor-element elementor-element-210250d elementor-widget elementor-widget-image\" data-id=\"210250d\" data-element_type=\"widget\" data-e-type=\"widget\" data-widget_type=\"image.default\">\n\t\t\t\t<div class=\"elementor-widget-container\">\n\t\t\t\t\t\t\t\t\t\t\t\t\t\t\t<img decoding=\"async\" width=\"768\" height=\"1151\" src=\"https:\/\/altadireccion.com\/wp-content\/uploads\/2022\/12\/Sebastian-Morgan-1-min-768x1151.jpg?wsr\" class=\"attachment-medium_large size-medium_large wp-image-2169\" alt=\"\" srcset=\"https:\/\/altadireccion.com\/wp-content\/uploads\/2022\/12\/Sebastian-Morgan-1-min-768x1151.jpg 768w, https:\/\/altadireccion.com\/wp-content\/uploads\/2022\/12\/Sebastian-Morgan-1-min-200x300.jpg 200w, https:\/\/altadireccion.com\/wp-content\/uploads\/2022\/12\/Sebastian-Morgan-1-min-684x1024.jpg 684w, https:\/\/altadireccion.com\/wp-content\/uploads\/2022\/12\/Sebastian-Morgan-1-min-1025x1536.jpg 1025w, https:\/\/altadireccion.com\/wp-content\/uploads\/2022\/12\/Sebastian-Morgan-1-min-8x12.jpg 8w, https:\/\/altadireccion.com\/wp-content\/uploads\/2022\/12\/Sebastian-Morgan-1-min.jpg 1335w\" sizes=\"(max-width: 768px) 100vw, 768px\" \/>\t\t\t\t\t\t\t\t\t\t\t\t\t\t\t<\/div>\n\t\t\t\t<\/div>\n\t\t\t\t<div class=\"elementor-element elementor-element-1611a71 elementor-widget elementor-widget-text-editor\" data-id=\"1611a71\" data-element_type=\"widget\" data-e-type=\"widget\" data-widget_type=\"text-editor.default\">\n\t\t\t\t<div class=\"elementor-widget-container\">\n\t\t\t\t\t\t\t\t\t<h3 class=\"open-detail\" style=\"margin-bottom: 0px; font-style: normal; font-size: 15px; font-family: lato-bold, sans-serif; cursor: pointer; color: #303035; text-transform: uppercase;\"><strong><span style=\"color: #ffffff;\">Sebasti\u00e1n Morgan<\/span><\/strong><\/h3>\n<p style=\"margin-bottom: 0px; color: #737470; font-family: lato-regular, sans-serif; font-size: 14px; font-style: normal; font-weight: 400;\"><span style=\"color: #ffffff;\">Associate Director<\/span><\/p>\n<p style=\"margin-bottom: 0px; font-family: lato-regular, sans-serif; font-size: 14px; font-style: normal; font-weight: 400;\"><span style=\"color: #ffffff;\">Legal Area<\/span><\/p>\t\t\t\t\t\t\t\t<\/div>\n\t\t\t\t<\/div>\n\t\t\t\t\t<\/div>\n\t\t<\/div>\n\t\t\t\t<div class=\"elementor-column elementor-col-66 elementor-top-column elementor-element elementor-element-52f0e0c\" data-id=\"52f0e0c\" data-element_type=\"column\" data-e-type=\"column\" data-settings=\"{&quot;background_background&quot;:&quot;classic&quot;}\">\n\t\t\t<div class=\"elementor-widget-wrap elementor-element-populated\">\n\t\t\t\t\t\t<div class=\"elementor-element elementor-element-e46f8b4 elementor-widget elementor-widget-image\" data-id=\"e46f8b4\" data-element_type=\"widget\" data-e-type=\"widget\" data-widget_type=\"image.default\">\n\t\t\t\t<div class=\"elementor-widget-container\">\n\t\t\t\t\t\t\t\t\t\t\t\t\t\t\t<img decoding=\"async\" width=\"300\" height=\"84\" src=\"https:\/\/altadireccion.com\/wp-content\/uploads\/2022\/12\/logos-areas-blanco-Legal-300x84.png?wsr\" class=\"attachment-medium size-medium wp-image-1296\" alt=\"\" srcset=\"https:\/\/altadireccion.com\/wp-content\/uploads\/2022\/12\/logos-areas-blanco-Legal-300x84.png 300w, https:\/\/altadireccion.com\/wp-content\/uploads\/2022\/12\/logos-areas-blanco-Legal-1024x285.png 1024w, https:\/\/altadireccion.com\/wp-content\/uploads\/2022\/12\/logos-areas-blanco-Legal-768x214.png 768w, https:\/\/altadireccion.com\/wp-content\/uploads\/2022\/12\/logos-areas-blanco-Legal-18x5.png 18w, https:\/\/altadireccion.com\/wp-content\/uploads\/2022\/12\/logos-areas-blanco-Legal.png 1221w\" sizes=\"(max-width: 300px) 100vw, 300px\" \/>\t\t\t\t\t\t\t\t\t\t\t\t\t\t\t<\/div>\n\t\t\t\t<\/div>\n\t\t\t\t<div class=\"elementor-element elementor-element-cbed9cf elementor-widget elementor-widget-text-editor\" data-id=\"cbed9cf\" data-element_type=\"widget\" data-e-type=\"widget\" data-widget_type=\"text-editor.default\">\n\t\t\t\t<div class=\"elementor-widget-container\">\n\t\t\t\t\t\t\t\t\t<p><br><\/p>\n<p>In ALTADIRECION CAPITAL LATAM Legal Areawe deliver a wide range of legal services, specially focused and designed for a better business performance, seeking tailored solutions that accommodate the specific needs of each of our clients. Keeping us at the forefront of legal development and always characterized by the agility and innovation of our team.<\/p>\n<p class=\"translation-block\">With direct relationship and cooperation with the different areas that make up ALTADIRECION CAPITAL LATAM, we specialize in corporate governance, financing, real estate development, insurance and M&amp;A together with a strong multidisciplinary judicial area that has allowed us to cover all the needs of our clients, thus concentrating in ALTADIRECION CAPITAL LATAM an integral solution to the day-to-day business challenges.<\/p>\t\t\t\t\t\t\t\t<\/div>\n\t\t\t\t<\/div>\n\t\t\t\t\t<\/div>\n\t\t<\/div>\n\t\t\t\t\t<\/div>\n\t\t<\/section>\n\t\t\t\t<\/div>","protected":false},"excerpt":{"rendered":"<p>NUESTRAS \u00c1REAS DE NEGOCIOS Sebasti\u00e1n Morgan Socio Director \u00c1rea Legal En ALTADIRECION CAPITAL LATAM Legal entregamos una amplia gama de servicios legales, especialmente enfocados y dise\u00f1ados para un mejor funcionamiento empresarial, buscando soluciones a la medida que se acomoden a las necesidades espec\u00edficas de cada uno de nuestros clientes, manteni\u00e9ndonos en la vanguardia del desarrollo [&hellip;]<\/p>\n","protected":false},"author":5,"featured_media":0,"parent":0,"menu_order":0,"comment_status":"closed","ping_status":"closed","template":"","meta":{"site-sidebar-layout":"no-sidebar","site-content-layout":"page-builder","ast-site-content-layout":"default","site-content-style":"default","site-sidebar-style":"default","ast-global-header-display":"","ast-banner-title-visibility":"","ast-main-header-display":"","ast-hfb-above-header-display":"","ast-hfb-below-header-display":"","ast-hfb-mobile-header-display":"","site-post-title":"disabled","ast-breadcrumbs-content":"","ast-featured-img":"disabled","footer-sml-layout":"","ast-disable-related-posts":"","theme-transparent-header-meta":"","adv-header-id-meta":"","stick-header-meta":"","header-above-stick-meta":"","header-main-stick-meta":"","header-below-stick-meta":"","astra-migrate-meta-layouts":"default","ast-page-background-enabled":"default","ast-page-background-meta":{"desktop":{"background-color":"var(--ast-global-color-4)","background-image":"","background-repeat":"repeat","background-position":"center center","background-size":"auto","background-attachment":"scroll","background-type":"","background-media":"","overlay-type":"","overlay-color":"","overlay-opacity":"","overlay-gradient":""},"tablet":{"background-color":"","background-image":"","background-repeat":"repeat","background-position":"center center","background-size":"auto","background-attachment":"scroll","background-type":"","background-media":"","overlay-type":"","overlay-color":"","overlay-opacity":"","overlay-gradient":""},"mobile":{"background-color":"","background-image":"","background-repeat":"repeat","background-position":"center center","background-size":"auto","background-attachment":"scroll","background-type":"","background-media":"","overlay-type":"","overlay-color":"","overlay-opacity":"","overlay-gradient":""}},"ast-content-background-meta":{"desktop":{"background-color":"var(--ast-global-color-5)","background-image":"","background-repeat":"repeat","background-position":"center center","background-size":"auto","background-attachment":"scroll","background-type":"","background-media":"","overlay-type":"","overlay-color":"","overlay-opacity":"","overlay-gradient":""},"tablet":{"background-color":"var(--ast-global-color-5)","background-image":"","background-repeat":"repeat","background-position":"center center","background-size":"auto","background-attachment":"scroll","background-type":"","background-media":"","overlay-type":"","overlay-color":"","overlay-opacity":"","overlay-gradient":""},"mobile":{"background-color":"var(--ast-global-color-5)","background-image":"","background-repeat":"repeat","background-position":"center center","background-size":"auto","background-attachment":"scroll","background-type":"","background-media":"","overlay-type":"","overlay-color":"","overlay-opacity":"","overlay-gradient":""}},"footnotes":""},"class_list":["post-798","page","type-page","status-publish","hentry"],"_links":{"self":[{"href":"https:\/\/altadireccion.com\/en\/wp-json\/wp\/v2\/pages\/798","targetHints":{"allow":["GET"]}}],"collection":[{"href":"https:\/\/altadireccion.com\/en\/wp-json\/wp\/v2\/pages"}],"about":[{"href":"https:\/\/altadireccion.com\/en\/wp-json\/wp\/v2\/types\/page"}],"author":[{"embeddable":true,"href":"https:\/\/altadireccion.com\/en\/wp-json\/wp\/v2\/users\/5"}],"replies":[{"embeddable":true,"href":"https:\/\/altadireccion.com\/en\/wp-json\/wp\/v2\/comments?post=798"}],"version-history":[{"count":49,"href":"https:\/\/altadireccion.com\/en\/wp-json\/wp\/v2\/pages\/798\/revisions"}],"predecessor-version":[{"id":3411,"href":"https:\/\/altadireccion.com\/en\/wp-json\/wp\/v2\/pages\/798\/revisions\/3411"}],"wp:attachment":[{"href":"https:\/\/altadireccion.com\/en\/wp-json\/wp\/v2\/media?parent=798"}],"curies":[{"name":"wp","href":"https:\/\/api.w.org\/{rel}","templated":true}]}}