{"id":794,"date":"2022-11-20T22:16:17","date_gmt":"2022-11-20T22:16:17","guid":{"rendered":"https:\/\/altadireccion.com\/test\/?page_id=794"},"modified":"2023-11-08T23:53:15","modified_gmt":"2023-11-08T23:53:15","slug":"adcl-financiero","status":"publish","type":"page","link":"https:\/\/altadireccion.com\/en\/adcl-financiero\/","title":{"rendered":"ADCL FINANCIERO"},"content":{"rendered":"<div data-elementor-type=\"wp-page\" data-elementor-id=\"794\" class=\"elementor elementor-794\" data-elementor-post-type=\"page\">\n\t\t\t\t\t\t<section class=\"elementor-section elementor-top-section elementor-element elementor-element-a3f70ba elementor-section-full_width elementor-section-height-default elementor-section-height-default\" data-id=\"a3f70ba\" data-element_type=\"section\" data-e-type=\"section\">\n\t\t\t\t\t\t<div class=\"elementor-container elementor-column-gap-no\">\n\t\t\t\t\t<div class=\"elementor-column elementor-col-100 elementor-top-column elementor-element elementor-element-f7afa64\" data-id=\"f7afa64\" data-element_type=\"column\" data-e-type=\"column\">\n\t\t\t<div class=\"elementor-widget-wrap elementor-element-populated\">\n\t\t\t\t\t\t<div class=\"elementor-element elementor-element-2e25d0f elementor-widget elementor-widget-image\" data-id=\"2e25d0f\" data-element_type=\"widget\" data-e-type=\"widget\" data-widget_type=\"image.default\">\n\t\t\t\t<div class=\"elementor-widget-container\">\n\t\t\t\t\t\t\t\t\t\t\t\t\t\t\t<img fetchpriority=\"high\" decoding=\"async\" width=\"2560\" height=\"1707\" src=\"https:\/\/altadireccion.com\/wp-content\/uploads\/2022\/11\/Area-Negocios-Banner-min-scaled.jpg\" class=\"attachment-full size-full wp-image-261\" alt=\"\" srcset=\"https:\/\/altadireccion.com\/wp-content\/uploads\/2022\/11\/Area-Negocios-Banner-min-scaled.jpg 2560w, https:\/\/altadireccion.com\/wp-content\/uploads\/2022\/11\/Area-Negocios-Banner-min-300x200.jpg 300w, https:\/\/altadireccion.com\/wp-content\/uploads\/2022\/11\/Area-Negocios-Banner-min-1024x683.jpg 1024w, https:\/\/altadireccion.com\/wp-content\/uploads\/2022\/11\/Area-Negocios-Banner-min-768x512.jpg 768w, https:\/\/altadireccion.com\/wp-content\/uploads\/2022\/11\/Area-Negocios-Banner-min-1536x1024.jpg 1536w, https:\/\/altadireccion.com\/wp-content\/uploads\/2022\/11\/Area-Negocios-Banner-min-2048x1365.jpg 2048w, https:\/\/altadireccion.com\/wp-content\/uploads\/2022\/11\/Area-Negocios-Banner-min-18x12.jpg 18w\" sizes=\"(max-width: 2560px) 100vw, 2560px\" \/>\t\t\t\t\t\t\t\t\t\t\t\t\t\t\t<\/div>\n\t\t\t\t<\/div>\n\t\t\t\t<div class=\"elementor-element elementor-element-b09d82d elementor-widget elementor-widget-heading\" data-id=\"b09d82d\" data-element_type=\"widget\" data-e-type=\"widget\" data-widget_type=\"heading.default\">\n\t\t\t\t<div class=\"elementor-widget-container\">\n\t\t\t\t\t<span class=\"elementor-heading-title elementor-size-medium\">OUR BUSINESS AREAS<\/span>\t\t\t\t<\/div>\n\t\t\t\t<\/div>\n\t\t\t\t\t<\/div>\n\t\t<\/div>\n\t\t\t\t\t<\/div>\n\t\t<\/section>\n\t\t\t\t<section class=\"elementor-section elementor-top-section elementor-element elementor-element-41354ce elementor-section-content-middle elementor-section-height-min-height elementor-section-items-top elementor-section-boxed elementor-section-height-default\" data-id=\"41354ce\" data-element_type=\"section\" data-e-type=\"section\">\n\t\t\t\t\t\t\t<div class=\"elementor-background-overlay\"><\/div>\n\t\t\t\t\t\t\t<div class=\"elementor-container elementor-column-gap-wider\">\n\t\t\t\t\t<div class=\"elementor-column elementor-col-33 elementor-top-column elementor-element elementor-element-22bb448\" data-id=\"22bb448\" data-element_type=\"column\" data-e-type=\"column\" data-settings=\"{&quot;background_background&quot;:&quot;classic&quot;}\">\n\t\t\t<div class=\"elementor-widget-wrap elementor-element-populated\">\n\t\t\t\t\t\t<div class=\"elementor-element elementor-element-178214e elementor-widget elementor-widget-image\" data-id=\"178214e\" data-element_type=\"widget\" data-e-type=\"widget\" data-widget_type=\"image.default\">\n\t\t\t\t<div class=\"elementor-widget-container\">\n\t\t\t\t\t\t\t\t\t\t\t\t\t\t\t<img decoding=\"async\" width=\"727\" height=\"813\" src=\"https:\/\/altadireccion.com\/wp-content\/uploads\/2023\/02\/Roberto-Darrigrandi.jpg\" class=\"attachment-medium_large size-medium_large wp-image-2442\" alt=\"\" srcset=\"https:\/\/altadireccion.com\/wp-content\/uploads\/2023\/02\/Roberto-Darrigrandi.jpg 727w, https:\/\/altadireccion.com\/wp-content\/uploads\/2023\/02\/Roberto-Darrigrandi-268x300.jpg 268w, https:\/\/altadireccion.com\/wp-content\/uploads\/2023\/02\/Roberto-Darrigrandi-11x12.jpg 11w\" sizes=\"(max-width: 727px) 100vw, 727px\" \/>\t\t\t\t\t\t\t\t\t\t\t\t\t\t\t<\/div>\n\t\t\t\t<\/div>\n\t\t\t\t<div class=\"elementor-element elementor-element-3a88b61 elementor-widget elementor-widget-text-editor\" data-id=\"3a88b61\" data-element_type=\"widget\" data-e-type=\"widget\" data-widget_type=\"text-editor.default\">\n\t\t\t\t<div class=\"elementor-widget-container\">\n\t\t\t\t\t\t\t\t\t<h3 style=\"margin-bottom: 0px; font-style: normal; font-size: 15px; font-family: lato-bold, sans-serif; cursor: pointer; text-transform: uppercase;\"><span style=\"color: #ffffff;\"><b>roberto darrigrandi<\/b><\/span><\/h3><p style=\"margin-bottom: 0px; color: #222222; font-family: Arial, Helvetica, sans-serif; font-size: small; font-style: normal; font-weight: 400;\"><span lang=\"ES\" style=\"color: #ffffff;\">Associate Director<u><\/u><u><\/u><\/span><\/p><p style=\"margin-bottom: 0px; font-family: Arial, Helvetica, sans-serif; font-size: small; font-style: normal; font-weight: 400;\">Financial Area<\/p>\t\t\t\t\t\t\t\t<\/div>\n\t\t\t\t<\/div>\n\t\t\t\t\t<\/div>\n\t\t<\/div>\n\t\t\t\t<div class=\"elementor-column elementor-col-66 elementor-top-column elementor-element elementor-element-305a2c3\" data-id=\"305a2c3\" data-element_type=\"column\" data-e-type=\"column\" data-settings=\"{&quot;background_background&quot;:&quot;classic&quot;}\">\n\t\t\t<div class=\"elementor-widget-wrap elementor-element-populated\">\n\t\t\t\t\t\t<div class=\"elementor-element elementor-element-28be6e4 elementor-widget elementor-widget-image\" data-id=\"28be6e4\" data-element_type=\"widget\" data-e-type=\"widget\" data-widget_type=\"image.default\">\n\t\t\t\t<div class=\"elementor-widget-container\">\n\t\t\t\t\t\t\t\t\t\t\t\t\t\t\t<img decoding=\"async\" width=\"300\" height=\"84\" src=\"https:\/\/altadireccion.com\/wp-content\/uploads\/2022\/12\/logos-areas-blanco-Finaciero-300x84.png\" class=\"attachment-medium size-medium wp-image-1299\" alt=\"\" srcset=\"https:\/\/altadireccion.com\/wp-content\/uploads\/2022\/12\/logos-areas-blanco-Finaciero-300x84.png 300w, https:\/\/altadireccion.com\/wp-content\/uploads\/2022\/12\/logos-areas-blanco-Finaciero-1024x288.png 1024w, https:\/\/altadireccion.com\/wp-content\/uploads\/2022\/12\/logos-areas-blanco-Finaciero-768x216.png 768w, https:\/\/altadireccion.com\/wp-content\/uploads\/2022\/12\/logos-areas-blanco-Finaciero-18x5.png 18w, https:\/\/altadireccion.com\/wp-content\/uploads\/2022\/12\/logos-areas-blanco-Finaciero.png 1221w\" sizes=\"(max-width: 300px) 100vw, 300px\" \/>\t\t\t\t\t\t\t\t\t\t\t\t\t\t\t<\/div>\n\t\t\t\t<\/div>\n\t\t\t\t<div class=\"elementor-element elementor-element-90a8eb1 elementor-widget elementor-widget-text-editor\" data-id=\"90a8eb1\" data-element_type=\"widget\" data-e-type=\"widget\" data-widget_type=\"text-editor.default\">\n\t\t\t\t<div class=\"elementor-widget-container\">\n\t\t\t\t\t\t\t\t\t<p><\/p>\n<p class=\"translation-block\">We have a team of experts with more than 30 years of experience in the financial, banking and corporate sectors. <br>\nWith a deep understanding of credit risk, our analysts will know how to identify the critical risk variables of your business and how to mitigate them in order to achieve your agreed objectives.<\/p>\n<p>The successful track record of our senior members in structuring and syndicating large corporate loans for publicly traded companies, large and medium-sized unlisted companies, allows us to develop capital advisory solutions in financial institutions, local and global funds in order to generate optimal financing structures for our clients, selecting the right financial partners, products and solutions to achieve their objectives.<\/p>\t\t\t\t\t\t\t\t<\/div>\n\t\t\t\t<\/div>\n\t\t\t\t\t<\/div>\n\t\t<\/div>\n\t\t\t\t\t<\/div>\n\t\t<\/section>\n\t\t\t\t<\/div>","protected":false},"excerpt":{"rendered":"<p>NUESTRAS \u00c1REAS DE NEGOCIOS roberto darrigrandi Socio Director \u00c1rea Finanzas Contamos con un equipo de expertos con m\u00e1s de 30 a\u00f1os de experiencia tanto en el sector financiero como en la banca y sector empresarial.Con un profundo conocimiento en riesgo de cr\u00e9dito, nuestros analistas sabr\u00e1n identificar las variables cr\u00edticas de riesgo de su negocio y [&hellip;]<\/p>\n","protected":false},"author":5,"featured_media":0,"parent":0,"menu_order":0,"comment_status":"closed","ping_status":"closed","template":"","meta":{"site-sidebar-layout":"no-sidebar","site-content-layout":"page-builder","ast-site-content-layout":"default","site-content-style":"default","site-sidebar-style":"default","ast-global-header-display":"","ast-banner-title-visibility":"","ast-main-header-display":"","ast-hfb-above-header-display":"","ast-hfb-below-header-display":"","ast-hfb-mobile-header-display":"","site-post-title":"disabled","ast-breadcrumbs-content":"","ast-featured-img":"disabled","footer-sml-layout":"","ast-disable-related-posts":"","theme-transparent-header-meta":"","adv-header-id-meta":"","stick-header-meta":"","header-above-stick-meta":"","header-main-stick-meta":"","header-below-stick-meta":"","astra-migrate-meta-layouts":"default","ast-page-background-enabled":"default","ast-page-background-meta":{"desktop":{"background-color":"var(--ast-global-color-4)","background-image":"","background-repeat":"repeat","background-position":"center center","background-size":"auto","background-attachment":"scroll","background-type":"","background-media":"","overlay-type":"","overlay-color":"","overlay-opacity":"","overlay-gradient":""},"tablet":{"background-color":"","background-image":"","background-repeat":"repeat","background-position":"center center","background-size":"auto","background-attachment":"scroll","background-type":"","background-media":"","overlay-type":"","overlay-color":"","overlay-opacity":"","overlay-gradient":""},"mobile":{"background-color":"","background-image":"","background-repeat":"repeat","background-position":"center center","background-size":"auto","background-attachment":"scroll","background-type":"","background-media":"","overlay-type":"","overlay-color":"","overlay-opacity":"","overlay-gradient":""}},"ast-content-background-meta":{"desktop":{"background-color":"var(--ast-global-color-5)","background-image":"","background-repeat":"repeat","background-position":"center center","background-size":"auto","background-attachment":"scroll","background-type":"","background-media":"","overlay-type":"","overlay-color":"","overlay-opacity":"","overlay-gradient":""},"tablet":{"background-color":"var(--ast-global-color-5)","background-image":"","background-repeat":"repeat","background-position":"center center","background-size":"auto","background-attachment":"scroll","background-type":"","background-media":"","overlay-type":"","overlay-color":"","overlay-opacity":"","overlay-gradient":""},"mobile":{"background-color":"var(--ast-global-color-5)","background-image":"","background-repeat":"repeat","background-position":"center center","background-size":"auto","background-attachment":"scroll","background-type":"","background-media":"","overlay-type":"","overlay-color":"","overlay-opacity":"","overlay-gradient":""}},"footnotes":""},"class_list":["post-794","page","type-page","status-publish","hentry"],"_links":{"self":[{"href":"https:\/\/altadireccion.com\/en\/wp-json\/wp\/v2\/pages\/794","targetHints":{"allow":["GET"]}}],"collection":[{"href":"https:\/\/altadireccion.com\/en\/wp-json\/wp\/v2\/pages"}],"about":[{"href":"https:\/\/altadireccion.com\/en\/wp-json\/wp\/v2\/types\/page"}],"author":[{"embeddable":true,"href":"https:\/\/altadireccion.com\/en\/wp-json\/wp\/v2\/users\/5"}],"replies":[{"embeddable":true,"href":"https:\/\/altadireccion.com\/en\/wp-json\/wp\/v2\/comments?post=794"}],"version-history":[{"count":88,"href":"https:\/\/altadireccion.com\/en\/wp-json\/wp\/v2\/pages\/794\/revisions"}],"predecessor-version":[{"id":3113,"href":"https:\/\/altadireccion.com\/en\/wp-json\/wp\/v2\/pages\/794\/revisions\/3113"}],"wp:attachment":[{"href":"https:\/\/altadireccion.com\/en\/wp-json\/wp\/v2\/media?parent=794"}],"curies":[{"name":"wp","href":"https:\/\/api.w.org\/{rel}","templated":true}]}}