{"id":2658,"date":"2023-03-20T13:59:36","date_gmt":"2023-03-20T13:59:36","guid":{"rendered":"https:\/\/altadireccion.com\/?page_id=2658"},"modified":"2023-11-09T00:04:36","modified_gmt":"2023-11-09T00:04:36","slug":"transparencia","status":"publish","type":"page","link":"https:\/\/altadireccion.com\/en\/transparencia\/","title":{"rendered":"Transparencia"},"content":{"rendered":"<div data-elementor-type=\"wp-page\" data-elementor-id=\"2658\" class=\"elementor elementor-2658\" data-elementor-post-type=\"page\">\n\t\t\t\t\t\t<section class=\"elementor-section elementor-top-section elementor-element elementor-element-7407d93 elementor-section-full_width elementor-section-height-default elementor-section-height-default\" data-id=\"7407d93\" data-element_type=\"section\" data-e-type=\"section\">\n\t\t\t\t\t\t<div class=\"elementor-container elementor-column-gap-no\">\n\t\t\t\t\t<div class=\"elementor-column elementor-col-100 elementor-top-column elementor-element elementor-element-a5730bd\" data-id=\"a5730bd\" data-element_type=\"column\" data-e-type=\"column\">\n\t\t\t<div class=\"elementor-widget-wrap elementor-element-populated\">\n\t\t\t\t\t\t<div class=\"elementor-element elementor-element-d7945e0 elementor-widget elementor-widget-image\" data-id=\"d7945e0\" data-element_type=\"widget\" data-e-type=\"widget\" data-widget_type=\"image.default\">\n\t\t\t\t<div class=\"elementor-widget-container\">\n\t\t\t\t\t\t\t\t\t\t\t\t\t\t\t<img fetchpriority=\"high\" decoding=\"async\" width=\"2560\" height=\"1051\" src=\"https:\/\/altadireccion.com\/wp-content\/uploads\/2023\/03\/cordillera-000-scaled.jpg\" class=\"attachment-full size-full wp-image-2665\" alt=\"\" srcset=\"https:\/\/altadireccion.com\/wp-content\/uploads\/2023\/03\/cordillera-000-scaled.jpg 2560w, https:\/\/altadireccion.com\/wp-content\/uploads\/2023\/03\/cordillera-000-300x123.jpg 300w, https:\/\/altadireccion.com\/wp-content\/uploads\/2023\/03\/cordillera-000-1024x420.jpg 1024w, https:\/\/altadireccion.com\/wp-content\/uploads\/2023\/03\/cordillera-000-768x315.jpg 768w, https:\/\/altadireccion.com\/wp-content\/uploads\/2023\/03\/cordillera-000-1536x631.jpg 1536w, https:\/\/altadireccion.com\/wp-content\/uploads\/2023\/03\/cordillera-000-2048x841.jpg 2048w, https:\/\/altadireccion.com\/wp-content\/uploads\/2023\/03\/cordillera-000-18x7.jpg 18w\" sizes=\"(max-width: 2560px) 100vw, 2560px\" \/>\t\t\t\t\t\t\t\t\t\t\t\t\t\t\t<\/div>\n\t\t\t\t<\/div>\n\t\t\t\t<div class=\"elementor-element elementor-element-3acfde9 elementor-widget elementor-widget-heading\" data-id=\"3acfde9\" data-element_type=\"widget\" data-e-type=\"widget\" data-widget_type=\"heading.default\">\n\t\t\t\t<div class=\"elementor-widget-container\">\n\t\t\t\t\t<span class=\"elementor-heading-title elementor-size-medium\">TRANSPARENCIA Y PROTECCI\u00d3N DE LA INFORMACI\u00d3N<\/span>\t\t\t\t<\/div>\n\t\t\t\t<\/div>\n\t\t\t\t\t<\/div>\n\t\t<\/div>\n\t\t\t\t\t<\/div>\n\t\t<\/section>\n\t\t\t\t<section class=\"elementor-section elementor-top-section elementor-element elementor-element-9f7fa7c elementor-section-boxed elementor-section-height-default elementor-section-height-default\" data-id=\"9f7fa7c\" data-element_type=\"section\" data-e-type=\"section\">\n\t\t\t\t\t\t<div class=\"elementor-container elementor-column-gap-default\">\n\t\t\t\t\t<div class=\"elementor-column elementor-col-100 elementor-top-column elementor-element elementor-element-d550099\" data-id=\"d550099\" data-element_type=\"column\" data-e-type=\"column\">\n\t\t\t<div class=\"elementor-widget-wrap elementor-element-populated\">\n\t\t\t\t\t\t<section class=\"elementor-section elementor-inner-section elementor-element elementor-element-6e6f7a4 elementor-section-boxed elementor-section-height-default elementor-section-height-default\" data-id=\"6e6f7a4\" data-element_type=\"section\" data-e-type=\"section\">\n\t\t\t\t\t\t<div class=\"elementor-container elementor-column-gap-default\">\n\t\t\t\t\t<div class=\"elementor-column elementor-col-100 elementor-inner-column elementor-element elementor-element-132f895\" data-id=\"132f895\" data-element_type=\"column\" data-e-type=\"column\">\n\t\t\t<div class=\"elementor-widget-wrap elementor-element-populated\">\n\t\t\t\t\t\t<div class=\"elementor-element elementor-element-002646b elementor-widget elementor-widget-heading\" data-id=\"002646b\" data-element_type=\"widget\" data-e-type=\"widget\" data-widget_type=\"heading.default\">\n\t\t\t\t<div class=\"elementor-widget-container\">\n\t\t\t\t\t<h3 class=\"elementor-heading-title elementor-size-default\">Principios de Transparencia y Protecci\u00f3n de la Informaci\u00f3n en ADCL<\/h3>\t\t\t\t<\/div>\n\t\t\t\t<\/div>\n\t\t\t\t\t<\/div>\n\t\t<\/div>\n\t\t\t\t\t<\/div>\n\t\t<\/section>\n\t\t\t\t<section class=\"elementor-section elementor-inner-section elementor-element elementor-element-aef485a elementor-section-boxed elementor-section-height-default elementor-section-height-default\" data-id=\"aef485a\" data-element_type=\"section\" data-e-type=\"section\">\n\t\t\t\t\t\t<div class=\"elementor-container elementor-column-gap-default\">\n\t\t\t\t\t<div class=\"elementor-column elementor-col-100 elementor-inner-column elementor-element elementor-element-592ee1c\" data-id=\"592ee1c\" data-element_type=\"column\" data-e-type=\"column\">\n\t\t\t<div class=\"elementor-widget-wrap elementor-element-populated\">\n\t\t\t\t\t\t<div class=\"elementor-element elementor-element-68be1d3 elementor-widget elementor-widget-text-editor\" data-id=\"68be1d3\" data-element_type=\"widget\" data-e-type=\"widget\" data-widget_type=\"text-editor.default\">\n\t\t\t\t<div class=\"elementor-widget-container\">\n\t\t\t\t\t\t\t\t\t<p>El Principio de Transparencia de la Informaci\u00f3n, ha sido una de las columnas fundamentales que sostiene el prestigio ganado por Altadireccion Capital Latam a trav\u00e9s de su historia institucional. S\u00f3lo en la medida en que la informaci\u00f3n sea puesta a disposici\u00f3n de los clientes, usuarios e inversionistas en forma adecuada, completa, fluida, clara y en conformidad a las regulaciones vigentes; existir\u00e1 la confianza que es requisito para una sana actividad productiva y financiera.<\/p><p>Conforme a dicho principio, el cliente debe recibir no s\u00f3lo productos de calidad adecuada seg\u00fan su precio, sino tambi\u00e9n un trato honesto, transparente y confiable.<\/p><p>La Instituci\u00f3n tiene la responsabilidad de velar por los intereses de sus clientes, m\u00e1s a\u00fan cuando se trata de una entidad financiera que en importante medida su accionar se basa en la confianza depositada en ella por sus clientes y el p\u00fablico en general. En este contexto, Altadireccion Capital Latam ha establecido los principios generales que constituyen la base conforme a la cual \u00e9ste se relaciona con sus clientes, proporcionando informaci\u00f3n suficiente respecto delos valores, condiciones y caracter\u00edsticas de los productos o servicios financieros ofrecidos, de tal manera que los clientes puedan tomar decisiones fundadas desde el inicio de la relaci\u00f3n comercial como durante todo el per\u00edodo que dure \u00e9sta.<\/p><p>Considerando la normativa vigente, en especial las normas de protecci\u00f3n al consumidor y las buenas pr\u00e1cticas comerciales, la informaci\u00f3n que Altadireccion Capital Latam entregue a sus clientes debe ser clara, completa, relevante, fiable y transparente; debe ser comparable, oportuna, de f\u00e1cil acceso, expedita y claramente legible.<\/p><p>Altadireccion Capital Latam dispone de canales especializados que cuentan con las herramientas y los recursos humanos y tecnol\u00f3gicos adecuados para administrar eficientemente las consultas y los reclamos de los clientes. Un aspecto relevante de la transparencia de la informaci\u00f3n es que el cliente pueda conocer las condiciones de los productos ofrecidos por ADCL como asimismo los requisitos objetivos para acceder a ellos, informaci\u00f3n que conforme lo establecido en la Ley 19.496 sobre Protecci\u00f3n de los Derechos de los Consumidores, se encuentra disponible en la p\u00e1gina web de la Instituci\u00f3n. Informaci\u00f3n al p\u00fablico en general y a sus clientes.<\/p><p>Cualquier interesado puede acceder a informaci\u00f3n de ADCL a trav\u00e9s de su p\u00e1gina web. Por medio del sitio p\u00fablico se puede obtener informaci\u00f3n respecto a la Instituci\u00f3n, representante, domicilio, valores corporativos, c\u00f3digo de conducta, estatutos sociales, entre otros.<\/p><p>Seguridad de la Informaci\u00f3n y Ciberseguridad de Altadireccion Capital Latam protege los activos de informaci\u00f3n de Transparencia y Protecci\u00f3n de la Informaci\u00f3n.<\/p>\t\t\t\t\t\t\t\t<\/div>\n\t\t\t\t<\/div>\n\t\t\t\t\t<\/div>\n\t\t<\/div>\n\t\t\t\t\t<\/div>\n\t\t<\/section>\n\t\t\t\t\t<\/div>\n\t\t<\/div>\n\t\t\t\t\t<\/div>\n\t\t<\/section>\n\t\t\t\t<section class=\"elementor-section elementor-top-section elementor-element elementor-element-4120d5d elementor-section-boxed elementor-section-height-default elementor-section-height-default\" data-id=\"4120d5d\" data-element_type=\"section\" data-e-type=\"section\">\n\t\t\t\t\t\t<div class=\"elementor-container elementor-column-gap-default\">\n\t\t\t\t\t<div class=\"elementor-column elementor-col-100 elementor-top-column elementor-element elementor-element-a6aebaa\" data-id=\"a6aebaa\" data-element_type=\"column\" data-e-type=\"column\">\n\t\t\t<div class=\"elementor-widget-wrap elementor-element-populated\">\n\t\t\t\t\t\t\t<\/div>\n\t\t<\/div>\n\t\t\t\t\t<\/div>\n\t\t<\/section>\n\t\t\t\t<section class=\"elementor-section elementor-top-section elementor-element elementor-element-e484efc elementor-section-boxed elementor-section-height-default elementor-section-height-default\" data-id=\"e484efc\" data-element_type=\"section\" data-e-type=\"section\" data-settings=\"{&quot;background_background&quot;:&quot;classic&quot;}\">\n\t\t\t\t\t\t<div class=\"elementor-container elementor-column-gap-default\">\n\t\t\t\t\t<div class=\"elementor-column elementor-col-100 elementor-top-column elementor-element elementor-element-f0f1f58\" data-id=\"f0f1f58\" data-element_type=\"column\" data-e-type=\"column\">\n\t\t\t<div class=\"elementor-widget-wrap elementor-element-populated\">\n\t\t\t\t\t\t<section class=\"elementor-section elementor-inner-section elementor-element elementor-element-cb6a2f1 elementor-section-full_width elementor-section-height-min-height elementor-section-height-default\" data-id=\"cb6a2f1\" data-element_type=\"section\" data-e-type=\"section\">\n\t\t\t\t\t\t<div class=\"elementor-container elementor-column-gap-default\">\n\t\t\t\t\t<div class=\"elementor-column elementor-col-25 elementor-inner-column elementor-element elementor-element-ab3f3ba\" data-id=\"ab3f3ba\" data-element_type=\"column\" data-e-type=\"column\">\n\t\t\t<div class=\"elementor-widget-wrap elementor-element-populated\">\n\t\t\t\t\t\t<div class=\"elementor-element elementor-element-a9a516d elementor-widget elementor-widget-image\" data-id=\"a9a516d\" data-element_type=\"widget\" data-e-type=\"widget\" data-widget_type=\"image.default\">\n\t\t\t\t<div class=\"elementor-widget-container\">\n\t\t\t\t\t\t\t\t\t\t\t\t\t\t\t<img decoding=\"async\" width=\"1024\" height=\"288\" src=\"https:\/\/altadireccion.com\/wp-content\/uploads\/2022\/11\/logos-areas-01-1024x288.png\" class=\"attachment-large size-large wp-image-611\" alt=\"\" srcset=\"https:\/\/altadireccion.com\/wp-content\/uploads\/2022\/11\/logos-areas-01-1024x288.png 1024w, https:\/\/altadireccion.com\/wp-content\/uploads\/2022\/11\/logos-areas-01-300x84.png 300w, https:\/\/altadireccion.com\/wp-content\/uploads\/2022\/11\/logos-areas-01-768x216.png 768w, https:\/\/altadireccion.com\/wp-content\/uploads\/2022\/11\/logos-areas-01-18x5.png 18w, https:\/\/altadireccion.com\/wp-content\/uploads\/2022\/11\/logos-areas-01.png 1221w\" sizes=\"(max-width: 1024px) 100vw, 1024px\" \/>\t\t\t\t\t\t\t\t\t\t\t\t\t\t\t<\/div>\n\t\t\t\t<\/div>\n\t\t\t\t\t<\/div>\n\t\t<\/div>\n\t\t\t\t<div class=\"elementor-column elementor-col-25 elementor-inner-column elementor-element elementor-element-047be65\" data-id=\"047be65\" data-element_type=\"column\" data-e-type=\"column\">\n\t\t\t<div class=\"elementor-widget-wrap elementor-element-populated\">\n\t\t\t\t\t\t<div class=\"elementor-element elementor-element-673d01f elementor-widget elementor-widget-image\" data-id=\"673d01f\" data-element_type=\"widget\" data-e-type=\"widget\" data-widget_type=\"image.default\">\n\t\t\t\t<div class=\"elementor-widget-container\">\n\t\t\t\t\t\t\t\t\t\t\t\t\t\t\t<img decoding=\"async\" width=\"1024\" height=\"341\" src=\"https:\/\/altadireccion.com\/wp-content\/uploads\/2022\/11\/logos-areas-04-1024x341.png\" class=\"attachment-large size-large wp-image-614\" alt=\"\" srcset=\"https:\/\/altadireccion.com\/wp-content\/uploads\/2022\/11\/logos-areas-04-1024x341.png 1024w, https:\/\/altadireccion.com\/wp-content\/uploads\/2022\/11\/logos-areas-04-300x100.png 300w, https:\/\/altadireccion.com\/wp-content\/uploads\/2022\/11\/logos-areas-04-768x256.png 768w, https:\/\/altadireccion.com\/wp-content\/uploads\/2022\/11\/logos-areas-04-18x6.png 18w, https:\/\/altadireccion.com\/wp-content\/uploads\/2022\/11\/logos-areas-04.png 1221w\" sizes=\"(max-width: 1024px) 100vw, 1024px\" \/>\t\t\t\t\t\t\t\t\t\t\t\t\t\t\t<\/div>\n\t\t\t\t<\/div>\n\t\t\t\t\t<\/div>\n\t\t<\/div>\n\t\t\t\t<div class=\"elementor-column elementor-col-25 elementor-inner-column elementor-element elementor-element-47ed606\" data-id=\"47ed606\" data-element_type=\"column\" data-e-type=\"column\">\n\t\t\t<div class=\"elementor-widget-wrap elementor-element-populated\">\n\t\t\t\t\t\t<div class=\"elementor-element elementor-element-98eb0f1 elementor-widget elementor-widget-image\" data-id=\"98eb0f1\" data-element_type=\"widget\" data-e-type=\"widget\" data-widget_type=\"image.default\">\n\t\t\t\t<div class=\"elementor-widget-container\">\n\t\t\t\t\t\t\t\t\t\t\t\t\t\t\t<img loading=\"lazy\" decoding=\"async\" width=\"1024\" height=\"294\" src=\"https:\/\/altadireccion.com\/wp-content\/uploads\/2022\/11\/logos-areas-02-1024x294.png\" class=\"attachment-large size-large wp-image-612\" alt=\"\" srcset=\"https:\/\/altadireccion.com\/wp-content\/uploads\/2022\/11\/logos-areas-02-1024x294.png 1024w, https:\/\/altadireccion.com\/wp-content\/uploads\/2022\/11\/logos-areas-02-300x86.png 300w, https:\/\/altadireccion.com\/wp-content\/uploads\/2022\/11\/logos-areas-02-768x221.png 768w, https:\/\/altadireccion.com\/wp-content\/uploads\/2022\/11\/logos-areas-02-18x5.png 18w, https:\/\/altadireccion.com\/wp-content\/uploads\/2022\/11\/logos-areas-02.png 1221w\" sizes=\"(max-width: 1024px) 100vw, 1024px\" \/>\t\t\t\t\t\t\t\t\t\t\t\t\t\t\t<\/div>\n\t\t\t\t<\/div>\n\t\t\t\t\t<\/div>\n\t\t<\/div>\n\t\t\t\t<div class=\"elementor-column elementor-col-25 elementor-inner-column elementor-element elementor-element-77b0fb9\" data-id=\"77b0fb9\" data-element_type=\"column\" data-e-type=\"column\">\n\t\t\t<div class=\"elementor-widget-wrap elementor-element-populated\">\n\t\t\t\t\t\t<div class=\"elementor-element elementor-element-aca0897 elementor-widget elementor-widget-image\" data-id=\"aca0897\" data-element_type=\"widget\" data-e-type=\"widget\" data-widget_type=\"image.default\">\n\t\t\t\t<div class=\"elementor-widget-container\">\n\t\t\t\t\t\t\t\t\t\t\t\t\t\t\t<img loading=\"lazy\" decoding=\"async\" width=\"1024\" height=\"285\" src=\"https:\/\/altadireccion.com\/wp-content\/uploads\/2022\/11\/logos-areas-03-1024x285.png\" class=\"attachment-large size-large wp-image-613\" alt=\"\" srcset=\"https:\/\/altadireccion.com\/wp-content\/uploads\/2022\/11\/logos-areas-03-1024x285.png 1024w, https:\/\/altadireccion.com\/wp-content\/uploads\/2022\/11\/logos-areas-03-300x84.png 300w, https:\/\/altadireccion.com\/wp-content\/uploads\/2022\/11\/logos-areas-03-768x214.png 768w, https:\/\/altadireccion.com\/wp-content\/uploads\/2022\/11\/logos-areas-03-18x5.png 18w, https:\/\/altadireccion.com\/wp-content\/uploads\/2022\/11\/logos-areas-03.png 1221w\" sizes=\"(max-width: 1024px) 100vw, 1024px\" \/>\t\t\t\t\t\t\t\t\t\t\t\t\t\t\t<\/div>\n\t\t\t\t<\/div>\n\t\t\t\t\t<\/div>\n\t\t<\/div>\n\t\t\t\t\t<\/div>\n\t\t<\/section>\n\t\t\t\t\t<\/div>\n\t\t<\/div>\n\t\t\t\t\t<\/div>\n\t\t<\/section>\n\t\t\t\t<\/div>","protected":false},"excerpt":{"rendered":"<p>TRANSPARENCIA Y PROTECCI\u00d3N DE LA INFORMACI\u00d3N Principios de Transparencia y Protecci\u00f3n de la Informaci\u00f3n en ADCL El Principio de Transparencia de la Informaci\u00f3n, ha sido una de las columnas fundamentales que sostiene el prestigio ganado por Altadireccion Capital Latam a trav\u00e9s de su historia institucional. S\u00f3lo en la medida en que la informaci\u00f3n sea puesta [&hellip;]<\/p>\n","protected":false},"author":5,"featured_media":0,"parent":0,"menu_order":0,"comment_status":"closed","ping_status":"closed","template":"","meta":{"site-sidebar-layout":"no-sidebar","site-content-layout":"page-builder","ast-site-content-layout":"default","site-content-style":"default","site-sidebar-style":"default","ast-global-header-display":"","ast-banner-title-visibility":"","ast-main-header-display":"","ast-hfb-above-header-display":"","ast-hfb-below-header-display":"","ast-hfb-mobile-header-display":"","site-post-title":"disabled","ast-breadcrumbs-content":"","ast-featured-img":"disabled","footer-sml-layout":"","ast-disable-related-posts":"","theme-transparent-header-meta":"","adv-header-id-meta":"","stick-header-meta":"","header-above-stick-meta":"","header-main-stick-meta":"","header-below-stick-meta":"","astra-migrate-meta-layouts":"default","ast-page-background-enabled":"default","ast-page-background-meta":{"desktop":{"background-color":"var(--ast-global-color-4)","background-image":"","background-repeat":"repeat","background-position":"center center","background-size":"auto","background-attachment":"scroll","background-type":"","background-media":"","overlay-type":"","overlay-color":"","overlay-opacity":"","overlay-gradient":""},"tablet":{"background-color":"","background-image":"","background-repeat":"repeat","background-position":"center center","background-size":"auto","background-attachment":"scroll","background-type":"","background-media":"","overlay-type":"","overlay-color":"","overlay-opacity":"","overlay-gradient":""},"mobile":{"background-color":"","background-image":"","background-repeat":"repeat","background-position":"center center","background-size":"auto","background-attachment":"scroll","background-type":"","background-media":"","overlay-type":"","overlay-color":"","overlay-opacity":"","overlay-gradient":""}},"ast-content-background-meta":{"desktop":{"background-color":"var(--ast-global-color-5)","background-image":"","background-repeat":"repeat","background-position":"center center","background-size":"auto","background-attachment":"scroll","background-type":"","background-media":"","overlay-type":"","overlay-color":"","overlay-opacity":"","overlay-gradient":""},"tablet":{"background-color":"var(--ast-global-color-5)","background-image":"","background-repeat":"repeat","background-position":"center center","background-size":"auto","background-attachment":"scroll","background-type":"","background-media":"","overlay-type":"","overlay-color":"","overlay-opacity":"","overlay-gradient":""},"mobile":{"background-color":"var(--ast-global-color-5)","background-image":"","background-repeat":"repeat","background-position":"center center","background-size":"auto","background-attachment":"scroll","background-type":"","background-media":"","overlay-type":"","overlay-color":"","overlay-opacity":"","overlay-gradient":""}},"footnotes":""},"class_list":["post-2658","page","type-page","status-publish","hentry"],"_links":{"self":[{"href":"https:\/\/altadireccion.com\/en\/wp-json\/wp\/v2\/pages\/2658","targetHints":{"allow":["GET"]}}],"collection":[{"href":"https:\/\/altadireccion.com\/en\/wp-json\/wp\/v2\/pages"}],"about":[{"href":"https:\/\/altadireccion.com\/en\/wp-json\/wp\/v2\/types\/page"}],"author":[{"embeddable":true,"href":"https:\/\/altadireccion.com\/en\/wp-json\/wp\/v2\/users\/5"}],"replies":[{"embeddable":true,"href":"https:\/\/altadireccion.com\/en\/wp-json\/wp\/v2\/comments?post=2658"}],"version-history":[{"count":11,"href":"https:\/\/altadireccion.com\/en\/wp-json\/wp\/v2\/pages\/2658\/revisions"}],"predecessor-version":[{"id":3124,"href":"https:\/\/altadireccion.com\/en\/wp-json\/wp\/v2\/pages\/2658\/revisions\/3124"}],"wp:attachment":[{"href":"https:\/\/altadireccion.com\/en\/wp-json\/wp\/v2\/media?parent=2658"}],"curies":[{"name":"wp","href":"https:\/\/api.w.org\/{rel}","templated":true}]}}